{"id":853,"date":"2025-07-17T07:08:42","date_gmt":"2025-07-17T07:08:42","guid":{"rendered":"https:\/\/locidesign.at\/?page_id=853"},"modified":"2025-07-17T10:23:32","modified_gmt":"2025-07-17T10:23:32","slug":"unverbindliche-anfrage","status":"publish","type":"page","link":"https:\/\/locidesign.at\/en\/unverbindliche-anfrage\/","title":{"rendered":"request"},"content":{"rendered":"\t\t<div data-elementor-type=\"wp-page\" data-elementor-id=\"853\" class=\"elementor elementor-853\">\n\t\t\t\t<div class=\"elementor-element elementor-element-6328185 e-con-full e-flex e-con e-parent\" data-id=\"6328185\" data-element_type=\"container\" data-e-type=\"container\" data-settings=\"{&quot;background_background&quot;:&quot;classic&quot;}\">\n\t\t<div class=\"elementor-element elementor-element-f0886db e-con-full e-flex e-con e-child\" data-id=\"f0886db\" data-element_type=\"container\" data-e-type=\"container\">\n\t\t\t\t<div class=\"elementor-element elementor-element-2ba8d12 elementor-widget elementor-widget-image\" data-id=\"2ba8d12\" data-element_type=\"widget\" data-e-type=\"widget\" data-widget_type=\"image.default\">\n\t\t\t\t<div class=\"elementor-widget-container\">\n\t\t\t\t\t\t\t\t\t\t\t\t\t\t\t<img fetchpriority=\"high\" decoding=\"async\" width=\"814\" height=\"1024\" src=\"https:\/\/locidesign.at\/wp-content\/uploads\/2025\/01\/Neues_Storage-814x1024.png\" class=\"attachment-large size-large wp-image-397\" alt=\"\" srcset=\"https:\/\/locidesign.at\/wp-content\/uploads\/2025\/01\/Neues_Storage-814x1024.png 814w, https:\/\/locidesign.at\/wp-content\/uploads\/2025\/01\/Neues_Storage-238x300.png 238w, https:\/\/locidesign.at\/wp-content\/uploads\/2025\/01\/Neues_Storage-768x966.png 768w, https:\/\/locidesign.at\/wp-content\/uploads\/2025\/01\/Neues_Storage.png 1000w\" sizes=\"(max-width: 814px) 100vw, 814px\" \/>\t\t\t\t\t\t\t\t\t\t\t\t\t\t\t<\/div>\n\t\t\t\t<\/div>\n\t\t\t\t<\/div>\n\t\t<div class=\"elementor-element elementor-element-d09ba88 e-con-full e-flex e-con e-child\" data-id=\"d09ba88\" data-element_type=\"container\" data-e-type=\"container\">\n\t\t\t\t<div class=\"elementor-element elementor-element-1a4b5a8 elementor-widget elementor-widget-heading\" data-id=\"1a4b5a8\" data-element_type=\"widget\" data-e-type=\"widget\" data-widget_type=\"heading.default\">\n\t\t\t\t<div class=\"elementor-widget-container\">\n\t\t\t\t\t<h2 class=\"elementor-heading-title elementor-size-default\">Entdecke das Starterset und baue dir deine Welt!<\/h2>\t\t\t\t<\/div>\n\t\t\t\t<\/div>\n\t\t\t\t<div class=\"elementor-element elementor-element-918b672 elementor-widget elementor-widget-text-editor\" data-id=\"918b672\" data-element_type=\"widget\" data-e-type=\"widget\" data-widget_type=\"text-editor.default\">\n\t\t\t\t<div class=\"elementor-widget-container\">\n\t\t\t\t\t\t\t\t\t<p data-start=\"170\" data-end=\"379\">Unser Starterset ist die ideale Grundlage f\u00fcr unz\u00e4hlige Spiel-, Lern- und Gestaltungsm\u00f6glichkeiten. Es l\u00e4dt Kinder dazu ein, eigene M\u00f6belst\u00fccke, Spielszenen und Fantasiewelten zu erschaffen &#8211; immer wieder neu!<\/p><p data-start=\"170\" data-end=\"379\"><strong data-start=\"381\" data-end=\"402\">Im Set enthalten:<\/strong><\/p><ul data-start=\"404\" data-end=\"543\"><li data-start=\"404\" data-end=\"420\"><p data-start=\"406\" data-end=\"420\">12 Baurahmen<\/p><\/li><li data-start=\"421\" data-end=\"437\"><p data-start=\"423\" data-end=\"437\">40 Verbinder<\/p><\/li><li data-start=\"438\" data-end=\"481\"><p data-start=\"440\" data-end=\"481\">10 Spiel- und Lernplatten inkl. Zubeh\u00f6r<\/p><\/li><li data-start=\"482\" data-end=\"505\"><p data-start=\"484\" data-end=\"505\">30 kreative Sticker<\/p><\/li><li data-start=\"506\" data-end=\"543\"><p data-start=\"508\" data-end=\"543\">1 praktisches Aufbewahrungssystem<\/p><\/li><\/ul><p data-start=\"545\" data-end=\"717\"><strong data-start=\"545\" data-end=\"557\">Hinweis:<\/strong><br data-start=\"557\" data-end=\"560\" \/>Aktuell befinden wir uns noch in der Prototypenphase. Sobald die erste Kleinserie produziert wird, k\u00f6nnen wir auch konkrete Preisinformationen bereitstellen.\u00a0<\/p><p data-start=\"545\" data-end=\"717\"><strong data-start=\"791\" data-end=\"827\">Du hast Interesse am Starterset?<\/strong><br data-start=\"827\" data-end=\"830\" \/>Dann trage dich gerne unverbindlich in unser Formular ein \u2013 das hilft uns sehr, die Nachfrage besser einsch\u00e4tzen zu k\u00f6nnen. Und nat\u00fcrlich halten wir dich auf dem Laufenden, sobald das Starterset verf\u00fcgbar ist!<\/p>\t\t\t\t\t\t\t\t<\/div>\n\t\t\t\t<\/div>\n\t\t\t\t<\/div>\n\t\t\t\t<\/div>\n\t\t<div class=\"elementor-element elementor-element-3ea903a e-flex e-con-boxed e-con e-parent\" data-id=\"3ea903a\" data-element_type=\"container\" data-e-type=\"container\" data-settings=\"{&quot;background_background&quot;:&quot;classic&quot;}\">\n\t\t\t\t\t<div class=\"e-con-inner\">\n\t\t\t\t<div class=\"elementor-element elementor-element-6d04252 elementor-widget elementor-widget-heading\" data-id=\"6d04252\" data-element_type=\"widget\" data-e-type=\"widget\" data-widget_type=\"heading.default\">\n\t\t\t\t<div class=\"elementor-widget-container\">\n\t\t\t\t\t<h2 class=\"elementor-heading-title elementor-size-default\">Du m\u00f6chtest als Erste:r informiert werden?<\/h2>\t\t\t\t<\/div>\n\t\t\t\t<\/div>\n\t\t\t\t<div class=\"elementor-element elementor-element-a556adf elementor-widget elementor-widget-text-editor\" data-id=\"a556adf\" data-element_type=\"widget\" data-e-type=\"widget\" data-widget_type=\"text-editor.default\">\n\t\t\t\t<div class=\"elementor-widget-container\">\n\t\t\t\t\t\t\t\t\t<p>Trage dich unverbindlich in unser Formular ein \u2013 wir melden uns, sobald es Neuigkeiten gibt!<\/p>\t\t\t\t\t\t\t\t<\/div>\n\t\t\t\t<\/div>\n\t\t\t\t<div class=\"elementor-element elementor-element-f5d56d5 elementor-widget elementor-widget-wpforms\" data-id=\"f5d56d5\" data-element_type=\"widget\" data-e-type=\"widget\" data-widget_type=\"wpforms.default\">\n\t\t\t\t<div class=\"elementor-widget-container\">\n\t\t\t\t\t<div class=\"wpforms-container wpforms-container-full wpforms-render-modern\" id=\"wpforms-861\"><form id=\"wpforms-form-861\" class=\"wpforms-validate wpforms-form wpforms-ajax-form\" data-formid=\"861\" method=\"post\" enctype=\"multipart\/form-data\" action=\"\/en\/wp-json\/wp\/v2\/pages\/853\" data-token=\"6384e55f7029f0beab5efce0cdabe723\" data-token-time=\"1777546898\"><noscript class=\"wpforms-error-noscript\">Please enable JavaScript in your browser to complete this form.<\/noscript><div id=\"wpforms-error-noscript\" style=\"display: none;\">Please enable JavaScript in your browser to complete this form.<\/div><div class=\"wpforms-field-container\"><div id=\"wpforms-861-field_1-container\" class=\"wpforms-field wpforms-field-text wpforms-one-half wpforms-first\" data-field-id=\"1\"><label class=\"wpforms-field-label\" for=\"wpforms-861-field_1\">Vorname <span class=\"wpforms-required-label\" aria-hidden=\"true\">*<\/span><\/label><input type=\"text\" id=\"wpforms-861-field_1\" class=\"wpforms-field-medium wpforms-field-required\" name=\"wpforms[fields][1]\" aria-errormessage=\"wpforms-861-field_1-error\" required><\/div><div id=\"wpforms-861-field_2-container\" class=\"wpforms-field wpforms-field-text wpforms-one-half\" data-field-id=\"2\"><label class=\"wpforms-field-label\" for=\"wpforms-861-field_2\">Nachname <span class=\"wpforms-required-label\" aria-hidden=\"true\">*<\/span><\/label><input type=\"text\" id=\"wpforms-861-field_2\" class=\"wpforms-field-medium wpforms-field-required\" name=\"wpforms[fields][2]\" aria-errormessage=\"wpforms-861-field_2-error\" required><\/div>\t\t<div id=\"wpforms-861-field_6-container\"\n\t\t\tclass=\"wpforms-field wpforms-field-text\"\n\t\t\tdata-field-type=\"text\"\n\t\t\tdata-field-id=\"6\"\n\t\t\t>\n\t\t\t<label class=\"wpforms-field-label\" for=\"wpforms-861-field_6\" >Vorname E-Mail-Adresse Nachname<\/label>\n\t\t\t<input type=\"text\" id=\"wpforms-861-field_6\" class=\"wpforms-field-medium\" name=\"wpforms[fields][6]\" >\n\t\t<\/div>\n\t\t<div id=\"wpforms-861-field_4-container\" class=\"wpforms-field wpforms-field-text\" data-field-id=\"4\"><label class=\"wpforms-field-label\" for=\"wpforms-861-field_4\">P\u00e4dagogische Einrichtung<\/label><input type=\"text\" id=\"wpforms-861-field_4\" class=\"wpforms-field-medium\" name=\"wpforms[fields][4]\" aria-errormessage=\"wpforms-861-field_4-error\" ><\/div><div id=\"wpforms-861-field_3-container\" class=\"wpforms-field wpforms-field-email\" data-field-id=\"3\"><label class=\"wpforms-field-label\" for=\"wpforms-861-field_3\">E-Mail-Adresse <span class=\"wpforms-required-label\" aria-hidden=\"true\">*<\/span><\/label><input type=\"email\" id=\"wpforms-861-field_3\" class=\"wpforms-field-medium wpforms-field-required\" name=\"wpforms[fields][3]\" spellcheck=\"false\" aria-errormessage=\"wpforms-861-field_3-error\" required><\/div><div id=\"wpforms-861-field_5-container\" class=\"wpforms-field wpforms-field-checkbox\" data-field-id=\"5\"><fieldset><legend class=\"wpforms-field-label\">Zustimmung <span class=\"wpforms-required-label\" aria-hidden=\"true\">*<\/span><\/legend><ul id=\"wpforms-861-field_5\" class=\"wpforms-field-required\"><li class=\"choice-1 depth-1\"><input type=\"checkbox\" id=\"wpforms-861-field_5_1\" name=\"wpforms[fields][5][]\" value=\"Ja, ich m\u00f6chte unverbindlich benachrichtigt werden, sobald das Starterset verf\u00fcgbar ist.\" aria-errormessage=\"wpforms-861-field_5_1-error\" required ><label class=\"wpforms-field-label-inline\" for=\"wpforms-861-field_5_1\">Ja, ich m\u00f6chte unverbindlich benachrichtigt werden, sobald das Starterset verf\u00fcgbar ist.<\/label><\/li><\/ul><\/fieldset><\/div><script>\n\t\t\t\t( function() {\n\t\t\t\t\tconst style = document.createElement( 'style' );\n\t\t\t\t\tstyle.appendChild( document.createTextNode( '#wpforms-861-field_6-container { position: absolute !important; overflow: hidden !important; display: inline !important; height: 1px !important; width: 1px !important; z-index: -1000 !important; padding: 0 !important; } #wpforms-861-field_6-container input { visibility: hidden; } #wpforms-conversational-form-page #wpforms-861-field_6-container label { counter-increment: none; }' ) );\n\t\t\t\t\tdocument.head.appendChild( style );\n\t\t\t\t\tdocument.currentScript?.remove();\n\t\t\t\t} )();\n\t\t\t<\/script><\/div><!-- .wpforms-field-container --><div class=\"wpforms-recaptcha-container wpforms-is-turnstile\" ><div class=\"wpforms-turnstile\" data-sitekey=\"0x4AAAAAAA7ny9foCLsUTmKa\" data-action=\"FormID-861\"><\/div><input type=\"text\" name=\"g-recaptcha-hidden\" class=\"wpforms-recaptcha-hidden\" style=\"position:absolute!important;clip:rect(0,0,0,0)!important;height:1px!important;width:1px!important;border:0!important;overflow:hidden!important;padding:0!important;margin:0!important;\" data-rule-turnstile=\"1\"><\/div><div class=\"wpforms-submit-container\" ><input type=\"hidden\" name=\"wpforms[id]\" value=\"861\"><input type=\"hidden\" name=\"page_title\" value=\"\"><input type=\"hidden\" name=\"page_url\" value=\"https:\/\/locidesign.at\/en\/wp-json\/wp\/v2\/pages\/853\"><input type=\"hidden\" name=\"url_referer\" value=\"\"><button type=\"submit\" name=\"wpforms[submit]\" id=\"wpforms-submit-861\" class=\"wpforms-submit\" data-alt-text=\"Wird gesendet\u00a0\u2026\" data-submit-text=\"Absenden\" aria-live=\"assertive\" value=\"wpforms-submit\">Absenden<\/button><img decoding=\"async\" src=\"https:\/\/locidesign.at\/wp-content\/plugins\/wpforms-lite\/assets\/images\/submit-spin.svg\" class=\"wpforms-submit-spinner\" style=\"display: none;\" width=\"26\" height=\"26\" alt=\"Loading\"><\/div><\/form><\/div>  <!-- .wpforms-container -->\t\t\t\t<\/div>\n\t\t\t\t<\/div>\n\t\t\t\t\t<\/div>\n\t\t\t\t<\/div>\n\t\t\t\t<\/div>\n\t\t","protected":false},"excerpt":{"rendered":"<p>Entdecke das Starterset und baue dir deine Welt! Unser Starterset ist die ideale Grundlage f\u00fcr unz\u00e4hlige Spiel-, Lern- und Gestaltungsm\u00f6glichkeiten. [&hellip;]<\/p>\n","protected":false},"author":1,"featured_media":0,"parent":0,"menu_order":0,"comment_status":"closed","ping_status":"closed","template":"","meta":{"site-sidebar-layout":"no-sidebar","site-content-layout":"","ast-site-content-layout":"full-width-container","site-content-style":"default","site-sidebar-style":"default","ast-global-header-display":"","ast-banner-title-visibility":"","ast-main-header-display":"","ast-hfb-above-header-display":"","ast-hfb-below-header-display":"","ast-hfb-mobile-header-display":"","site-post-title":"disabled","ast-breadcrumbs-content":"","ast-featured-img":"disabled","footer-sml-layout":"","theme-transparent-header-meta":"","adv-header-id-meta":"","stick-header-meta":"","header-above-stick-meta":"","header-main-stick-meta":"","header-below-stick-meta":"","astra-migrate-meta-layouts":"default","ast-page-background-enabled":"default","ast-page-background-meta":{"desktop":{"background-color":"var(--ast-global-color-5)","background-image":"","background-repeat":"repeat","background-position":"center center","background-size":"auto","background-attachment":"scroll","background-type":"","background-media":"","overlay-type":"","overlay-color":"","overlay-opacity":"","overlay-gradient":""},"tablet":{"background-color":"","background-image":"","background-repeat":"repeat","background-position":"center center","background-size":"auto","background-attachment":"scroll","background-type":"","background-media":"","overlay-type":"","overlay-color":"","overlay-opacity":"","overlay-gradient":""},"mobile":{"background-color":"","background-image":"","background-repeat":"repeat","background-position":"center center","background-size":"auto","background-attachment":"scroll","background-type":"","background-media":"","overlay-type":"","overlay-color":"","overlay-opacity":"","overlay-gradient":""}},"ast-content-background-meta":{"desktop":{"background-color":"var(--ast-global-color-4)","background-image":"","background-repeat":"repeat","background-position":"center center","background-size":"auto","background-attachment":"scroll","background-type":"","background-media":"","overlay-type":"","overlay-color":"","overlay-opacity":"","overlay-gradient":""},"tablet":{"background-color":"var(--ast-global-color-4)","background-image":"","background-repeat":"repeat","background-position":"center center","background-size":"auto","background-attachment":"scroll","background-type":"","background-media":"","overlay-type":"","overlay-color":"","overlay-opacity":"","overlay-gradient":""},"mobile":{"background-color":"var(--ast-global-color-4)","background-image":"","background-repeat":"repeat","background-position":"center center","background-size":"auto","background-attachment":"scroll","background-type":"","background-media":"","overlay-type":"","overlay-color":"","overlay-opacity":"","overlay-gradient":""}},"footnotes":""},"class_list":["post-853","page","type-page","status-publish","hentry"],"yoast_head":"<!-- This site is optimized with the Yoast SEO plugin v27.5 - https:\/\/yoast.com\/product\/yoast-seo-wordpress\/ -->\n<title>Anfrage - LOCI<\/title>\n<meta name=\"robots\" content=\"index, follow, max-snippet:-1, max-image-preview:large, max-video-preview:-1\" \/>\n<link rel=\"canonical\" href=\"https:\/\/locidesign.at\/en\/unverbindliche-anfrage\/\" \/>\n<meta property=\"og:locale\" content=\"en_GB\" \/>\n<meta property=\"og:type\" content=\"article\" \/>\n<meta property=\"og:title\" content=\"Anfrage - LOCI\" \/>\n<meta property=\"og:description\" content=\"Entdecke das Starterset und baue dir deine Welt! Unser Starterset ist die ideale Grundlage f\u00fcr unz\u00e4hlige Spiel-, Lern- und Gestaltungsm\u00f6glichkeiten. [&hellip;]\" \/>\n<meta property=\"og:url\" content=\"https:\/\/locidesign.at\/en\/unverbindliche-anfrage\/\" \/>\n<meta property=\"og:site_name\" content=\"LOCI\" \/>\n<meta property=\"article:modified_time\" content=\"2025-07-17T10:23:32+00:00\" \/>\n<meta property=\"og:image\" content=\"https:\/\/locidesign.at\/wp-content\/uploads\/2025\/01\/Neues_Storage.png\" \/>\n\t<meta property=\"og:image:width\" content=\"1000\" \/>\n\t<meta property=\"og:image:height\" content=\"1258\" \/>\n\t<meta property=\"og:image:type\" content=\"image\/png\" \/>\n<meta name=\"twitter:card\" content=\"summary_large_image\" \/>\n<meta name=\"twitter:label1\" content=\"Estimated reading time\" \/>\n\t<meta name=\"twitter:data1\" content=\"2 minutes\" \/>\n<script type=\"application\/ld+json\" class=\"yoast-schema-graph\">{\"@context\":\"https:\\\/\\\/schema.org\",\"@graph\":[{\"@type\":\"WebPage\",\"@id\":\"https:\\\/\\\/locidesign.at\\\/unverbindliche-anfrage\\\/\",\"url\":\"https:\\\/\\\/locidesign.at\\\/unverbindliche-anfrage\\\/\",\"name\":\"Anfrage - LOCI\",\"isPartOf\":{\"@id\":\"https:\\\/\\\/locidesign.at\\\/#website\"},\"primaryImageOfPage\":{\"@id\":\"https:\\\/\\\/locidesign.at\\\/unverbindliche-anfrage\\\/#primaryimage\"},\"image\":{\"@id\":\"https:\\\/\\\/locidesign.at\\\/unverbindliche-anfrage\\\/#primaryimage\"},\"thumbnailUrl\":\"https:\\\/\\\/locidesign.at\\\/wp-content\\\/uploads\\\/2025\\\/01\\\/Neues_Storage-814x1024.png\",\"datePublished\":\"2025-07-17T07:08:42+00:00\",\"dateModified\":\"2025-07-17T10:23:32+00:00\",\"breadcrumb\":{\"@id\":\"https:\\\/\\\/locidesign.at\\\/unverbindliche-anfrage\\\/#breadcrumb\"},\"inLanguage\":\"en-GB\",\"potentialAction\":[{\"@type\":\"ReadAction\",\"target\":[\"https:\\\/\\\/locidesign.at\\\/unverbindliche-anfrage\\\/\"]}]},{\"@type\":\"ImageObject\",\"inLanguage\":\"en-GB\",\"@id\":\"https:\\\/\\\/locidesign.at\\\/unverbindliche-anfrage\\\/#primaryimage\",\"url\":\"https:\\\/\\\/locidesign.at\\\/wp-content\\\/uploads\\\/2025\\\/01\\\/Neues_Storage-814x1024.png\",\"contentUrl\":\"https:\\\/\\\/locidesign.at\\\/wp-content\\\/uploads\\\/2025\\\/01\\\/Neues_Storage-814x1024.png\"},{\"@type\":\"BreadcrumbList\",\"@id\":\"https:\\\/\\\/locidesign.at\\\/unverbindliche-anfrage\\\/#breadcrumb\",\"itemListElement\":[{\"@type\":\"ListItem\",\"position\":1,\"name\":\"Startseite\",\"item\":\"https:\\\/\\\/locidesign.at\\\/\"},{\"@type\":\"ListItem\",\"position\":2,\"name\":\"Anfrage\"}]},{\"@type\":\"WebSite\",\"@id\":\"https:\\\/\\\/locidesign.at\\\/#website\",\"url\":\"https:\\\/\\\/locidesign.at\\\/\",\"name\":\"LOCI\",\"description\":\"do it your way\",\"publisher\":{\"@id\":\"https:\\\/\\\/locidesign.at\\\/#organization\"},\"potentialAction\":[{\"@type\":\"SearchAction\",\"target\":{\"@type\":\"EntryPoint\",\"urlTemplate\":\"https:\\\/\\\/locidesign.at\\\/?s={search_term_string}\"},\"query-input\":{\"@type\":\"PropertyValueSpecification\",\"valueRequired\":true,\"valueName\":\"search_term_string\"}}],\"inLanguage\":\"en-GB\"},{\"@type\":\"Organization\",\"@id\":\"https:\\\/\\\/locidesign.at\\\/#organization\",\"name\":\"LOCI\",\"url\":\"https:\\\/\\\/locidesign.at\\\/\",\"logo\":{\"@type\":\"ImageObject\",\"inLanguage\":\"en-GB\",\"@id\":\"https:\\\/\\\/locidesign.at\\\/#\\\/schema\\\/logo\\\/image\\\/\",\"url\":\"https:\\\/\\\/locidesign.at\\\/wp-content\\\/uploads\\\/2026\\\/04\\\/LOCI_Logo.png\",\"contentUrl\":\"https:\\\/\\\/locidesign.at\\\/wp-content\\\/uploads\\\/2026\\\/04\\\/LOCI_Logo.png\",\"width\":1341,\"height\":292,\"caption\":\"LOCI\"},\"image\":{\"@id\":\"https:\\\/\\\/locidesign.at\\\/#\\\/schema\\\/logo\\\/image\\\/\"}}]}<\/script>\n<!-- \/ Yoast SEO plugin. -->","yoast_head_json":{"title":"Anfrage - LOCI","robots":{"index":"index","follow":"follow","max-snippet":"max-snippet:-1","max-image-preview":"max-image-preview:large","max-video-preview":"max-video-preview:-1"},"canonical":"https:\/\/locidesign.at\/en\/unverbindliche-anfrage\/","og_locale":"en_GB","og_type":"article","og_title":"Anfrage - LOCI","og_description":"Entdecke das Starterset und baue dir deine Welt! Unser Starterset ist die ideale Grundlage f\u00fcr unz\u00e4hlige Spiel-, Lern- und Gestaltungsm\u00f6glichkeiten. [&hellip;]","og_url":"https:\/\/locidesign.at\/en\/unverbindliche-anfrage\/","og_site_name":"LOCI","article_modified_time":"2025-07-17T10:23:32+00:00","og_image":[{"width":1000,"height":1258,"url":"https:\/\/locidesign.at\/wp-content\/uploads\/2025\/01\/Neues_Storage.png","type":"image\/png"}],"twitter_card":"summary_large_image","twitter_misc":{"Estimated reading time":"2 minutes"},"schema":{"@context":"https:\/\/schema.org","@graph":[{"@type":"WebPage","@id":"https:\/\/locidesign.at\/unverbindliche-anfrage\/","url":"https:\/\/locidesign.at\/unverbindliche-anfrage\/","name":"Anfrage - LOCI","isPartOf":{"@id":"https:\/\/locidesign.at\/#website"},"primaryImageOfPage":{"@id":"https:\/\/locidesign.at\/unverbindliche-anfrage\/#primaryimage"},"image":{"@id":"https:\/\/locidesign.at\/unverbindliche-anfrage\/#primaryimage"},"thumbnailUrl":"https:\/\/locidesign.at\/wp-content\/uploads\/2025\/01\/Neues_Storage-814x1024.png","datePublished":"2025-07-17T07:08:42+00:00","dateModified":"2025-07-17T10:23:32+00:00","breadcrumb":{"@id":"https:\/\/locidesign.at\/unverbindliche-anfrage\/#breadcrumb"},"inLanguage":"en-GB","potentialAction":[{"@type":"ReadAction","target":["https:\/\/locidesign.at\/unverbindliche-anfrage\/"]}]},{"@type":"ImageObject","inLanguage":"en-GB","@id":"https:\/\/locidesign.at\/unverbindliche-anfrage\/#primaryimage","url":"https:\/\/locidesign.at\/wp-content\/uploads\/2025\/01\/Neues_Storage-814x1024.png","contentUrl":"https:\/\/locidesign.at\/wp-content\/uploads\/2025\/01\/Neues_Storage-814x1024.png"},{"@type":"BreadcrumbList","@id":"https:\/\/locidesign.at\/unverbindliche-anfrage\/#breadcrumb","itemListElement":[{"@type":"ListItem","position":1,"name":"Startseite","item":"https:\/\/locidesign.at\/"},{"@type":"ListItem","position":2,"name":"Anfrage"}]},{"@type":"WebSite","@id":"https:\/\/locidesign.at\/#website","url":"https:\/\/locidesign.at\/","name":"LOCI","description":"do it your way","publisher":{"@id":"https:\/\/locidesign.at\/#organization"},"potentialAction":[{"@type":"SearchAction","target":{"@type":"EntryPoint","urlTemplate":"https:\/\/locidesign.at\/?s={search_term_string}"},"query-input":{"@type":"PropertyValueSpecification","valueRequired":true,"valueName":"search_term_string"}}],"inLanguage":"en-GB"},{"@type":"Organization","@id":"https:\/\/locidesign.at\/#organization","name":"LOCI","url":"https:\/\/locidesign.at\/","logo":{"@type":"ImageObject","inLanguage":"en-GB","@id":"https:\/\/locidesign.at\/#\/schema\/logo\/image\/","url":"https:\/\/locidesign.at\/wp-content\/uploads\/2026\/04\/LOCI_Logo.png","contentUrl":"https:\/\/locidesign.at\/wp-content\/uploads\/2026\/04\/LOCI_Logo.png","width":1341,"height":292,"caption":"LOCI"},"image":{"@id":"https:\/\/locidesign.at\/#\/schema\/logo\/image\/"}}]}},"_links":{"self":[{"href":"https:\/\/locidesign.at\/en\/wp-json\/wp\/v2\/pages\/853","targetHints":{"allow":["GET"]}}],"collection":[{"href":"https:\/\/locidesign.at\/en\/wp-json\/wp\/v2\/pages"}],"about":[{"href":"https:\/\/locidesign.at\/en\/wp-json\/wp\/v2\/types\/page"}],"author":[{"embeddable":true,"href":"https:\/\/locidesign.at\/en\/wp-json\/wp\/v2\/users\/1"}],"replies":[{"embeddable":true,"href":"https:\/\/locidesign.at\/en\/wp-json\/wp\/v2\/comments?post=853"}],"version-history":[{"count":0,"href":"https:\/\/locidesign.at\/en\/wp-json\/wp\/v2\/pages\/853\/revisions"}],"wp:attachment":[{"href":"https:\/\/locidesign.at\/en\/wp-json\/wp\/v2\/media?parent=853"}],"curies":[{"name":"wp","href":"https:\/\/api.w.org\/{rel}","templated":true}]}}